{"id":619,"date":"2023-06-19T12:25:24","date_gmt":"2023-06-19T10:25:24","guid":{"rendered":"https:\/\/www.buceoworld.es\/revistas\/?page_id=619"},"modified":"2023-06-22T23:37:42","modified_gmt":"2023-06-22T21:37:42","slug":"que-es-el-buceo-todo-lo-que-necesitas-saber-y-mas","status":"publish","type":"page","link":"https:\/\/www.buceoworld.es\/revistas\/que-es-el-buceo-todo-lo-que-necesitas-saber-y-mas\/","title":{"rendered":"\u00bfQu\u00e9 es el buceo? Todo lo que necesitas saber y m\u00e1s"},"content":{"rendered":"\r\n<h1 class=\"wp-block-heading\" id=\"h-que-es-el-buceo-todo-lo-que-necesitas-saber-y-mas\"><img decoding=\"async\" class=\"aligncenter size-full wp-image-620\" src=\"https:\/\/www.buceoworld.es\/revistas\/wp-content\/uploads\/2023\/06\/que-es-el-buceo.jpg\" alt=\"que es el buceo\" width=\"1920\" height=\"1440\" srcset=\"https:\/\/www.buceoworld.es\/revistas\/wp-content\/uploads\/2023\/06\/que-es-el-buceo.jpg 1920w, https:\/\/www.buceoworld.es\/revistas\/wp-content\/uploads\/2023\/06\/que-es-el-buceo-300x225.jpg 300w, https:\/\/www.buceoworld.es\/revistas\/wp-content\/uploads\/2023\/06\/que-es-el-buceo-1024x768.jpg 1024w, https:\/\/www.buceoworld.es\/revistas\/wp-content\/uploads\/2023\/06\/que-es-el-buceo-768x576.jpg 768w, https:\/\/www.buceoworld.es\/revistas\/wp-content\/uploads\/2023\/06\/que-es-el-buceo-1536x1152.jpg 1536w, https:\/\/www.buceoworld.es\/revistas\/wp-content\/uploads\/2023\/06\/que-es-el-buceo-660x495.jpg 660w\" sizes=\"(max-width: 1920px) 100vw, 1920px\" \/>\u00bfQu\u00e9 es el buceo?\u00a0&#8211; Todo lo que necesitas saber y m\u00e1s<\/h1>\r\n\r\n\r\n\r\n<p>\u00bfAlguna vez te hiciste la pregunta \u00ab\u00bfQu\u00e9 es el buceo?\u00bb Intentaremos responder esta pregunta en esta publicaci\u00f3n para ti.\u00a0\u00bfSab\u00edas que el buceo es uno de los deportes de m\u00e1s r\u00e1pido crecimiento en el mundo actual?\u00a0Cada a\u00f1o, millones de personas practican el buceo, ya sea para un curso, una inmersi\u00f3n de iniciaci\u00f3n o porque ya tienen su licencia de buceo.<\/p>\r\n\r\n\r\n\r\n<h2 class=\"wp-block-heading\" id=\"h-que-lograras-con-el-buceo\">Qu\u00e9 lograras con el buceo<\/h2>\r\n\r\n\r\n\r\n<p>El buceo es una actividad acu\u00e1tica que implica el uso de equipo especializado para que el buceador se sumerja bajo el agua, permitiendo a los buceadores explorar y apreciar el mundo marino.<\/p>\r\n\r\n\r\n\r\n<p>El equipo esencial para el buceo incluye una m\u00e1scara, un regulador de aire, un traje de neopreno, aletas, un cintur\u00f3n de pesas, un reloj de profundidad, un cilindro de aire y una boya. Con el aire comprimido contenido en el cilindro de aire se utiliza para respirar bajo el agua y permitir\u00e1 adentrarte m\u00e1s all\u00e1 y durante m\u00e1s tiempo en las profundidades.<\/p>\r\n\r\n\r\n\r\n<p>El buceo puede ser realizado en aguas abiertas, en cuevas submarinas, en arrecifes de coral o en naufragios.<\/p>\r\n\r\n\r\n\r\n<p>En la mayor\u00eda de los casos, los buceadores deben tener una certificaci\u00f3n de buceo, adem\u00e1s de un entrenamiento adecuado en seguridad y supervivencia.<\/p>\r\n\r\n\r\n\r\n<h2 class=\"wp-block-heading\" id=\"h-la-atraccion-hacia-la-aventura\">La atracci\u00f3n hacia la aventura<\/h2>\r\n\r\n\r\n\r\n<p>El buceo se realiza principalmente para la atracci\u00f3n del inalcanzable mundo submarino.\u00a0Es un \u00e1rea de la naturaleza que la humanidad no ha podido controlar por completo, simplemente no podemos respirar bajo el agua.\u00a0Por lo tanto, el buceo nos brinda la oportunidad de estar en ese mundo submarino, incluso si es solo por un tiempo limitado.<\/p>\r\n\r\n\r\n<div class=\"wp-block-image\">\r\n<figure class=\"aligncenter size-full\"><img decoding=\"async\" class=\"aligncenter size-full wp-image-1050\" src=\"https:\/\/www.buceoworld.es\/revistas\/wp-content\/uploads\/2023\/06\/atraccion-a-la-aventura-buceando.png\" alt=\"\" width=\"512\" height=\"512\" srcset=\"https:\/\/www.buceoworld.es\/revistas\/wp-content\/uploads\/2023\/06\/atraccion-a-la-aventura-buceando.png 512w, https:\/\/www.buceoworld.es\/revistas\/wp-content\/uploads\/2023\/06\/atraccion-a-la-aventura-buceando-300x300.png 300w, https:\/\/www.buceoworld.es\/revistas\/wp-content\/uploads\/2023\/06\/atraccion-a-la-aventura-buceando-150x150.png 150w, https:\/\/www.buceoworld.es\/revistas\/wp-content\/uploads\/2023\/06\/atraccion-a-la-aventura-buceando-250x250.png 250w\" sizes=\"(max-width: 512px) 100vw, 512px\" \/><\/figure>\r\n<\/div>\r\n\r\n\r\n<p>Por supuesto, el mundo submarino tambi\u00e9n es hermoso, y muchas personas optan por el buceo en Asia o el buceo en el Mar Rojo o la Gran Barrera de Coral, que se dice que son algunos de los mejores lugares para bucear en el mundo.\u00a0Los diferentes colores y la vida marina son tan impresionantes en todos estos lugares que la gente viaja una y otra vez a esos destinos por el simple hecho de bucear.<\/p>\r\n\r\n\r\n\r\n<h2 class=\"wp-block-heading\" id=\"h-puntos-tecnicos-del-buceo\">Puntos t\u00e9cnicos del buceo<\/h2>\r\n\r\n\r\n\r\n<p>Bucear bajo el agua es algo que ha atra\u00eddo a la humanidad desde que se dieron cuenta de que hab\u00eda un mundo vivo bajo los mares.\u00a0SCUBA es una abreviatura de Aparato de respiraci\u00f3n subacu\u00e1tico aut\u00f3nomo, en otras palabras, equipo que nos permite respirar bajo el agua.<\/p>\r\n\r\n\r\n\r\n<p>El aire que est\u00e1 en los tanques es aire comprimido tal como lo conocemos en el exterior, por lo que partes de nitr\u00f3geno, partes de ox\u00edgeno y algunos otros gases tambi\u00e9n.\u00a0Mucha gente cree err\u00f3neamente que el aire es ox\u00edgeno puro, \u00a1pero eso envenenar\u00eda a los buceadores!<\/p>\r\n\r\n\r\n\r\n<p>Debido al nitr\u00f3geno en el aire comprimido, los buzos deben tener mucho cuidado al bucear a mayores profundidades, ya que puede ocurrir narcosis por nitr\u00f3geno, que tiene el mismo efecto que el exceso de alcohol.\u00a0Esto se resuelve f\u00e1cilmente regresando a aguas menos profundas.<\/p>\r\n\r\n\r\n\r\n<p>Un efecto m\u00e1s grave del nitr\u00f3geno se conoce como Enfermedad de Caisson, tambi\u00e9n conocida como\u00a0enfermedad por descompresi\u00f3n\u00a0, que es cuando el nitr\u00f3geno comienza a formar burbujas en el cuerpo del buceador.<\/p>\r\n\r\n\r\n\r\n<p>Esto se convierte en un problema cuando el buzo regresa a la superficie y a la presi\u00f3n del aire normal y puede provocar la muerte.\u00a0Esta es la raz\u00f3n por la que una de las cosas m\u00e1s importantes para recordar para los buceadores es nunca ir demasiado profundo y nunca volver a la superficie demasiado r\u00e1pido.<\/p>\r\n\r\n\r\n\r\n<h2 class=\"wp-block-heading\" id=\"h-seguridad-en-el-buceo\">Seguridad en el buceo<\/h2>\r\n\r\n\r\n\r\n<p>Lo principal para recordar en el buceo es la seguridad.\u00a0No bucees por su cuenta y no te sientas tentado a comprar equipo de buceo y simplemente probarlo sin el entrenamiento adecuado.\u00a0\u00a0Busca algunas buenas escuelas de buceo\u00a0si quieres bucear.<\/p>\r\n\r\n\r\n<div class=\"wp-block-image\">\r\n<figure class=\"aligncenter size-full\"><img decoding=\"async\" class=\"aligncenter size-full wp-image-1051\" src=\"https:\/\/www.buceoworld.es\/revistas\/wp-content\/uploads\/2023\/06\/seguridad-en-el-buceo.png\" alt=\"\" width=\"512\" height=\"512\" srcset=\"https:\/\/www.buceoworld.es\/revistas\/wp-content\/uploads\/2023\/06\/seguridad-en-el-buceo.png 512w, https:\/\/www.buceoworld.es\/revistas\/wp-content\/uploads\/2023\/06\/seguridad-en-el-buceo-300x300.png 300w, https:\/\/www.buceoworld.es\/revistas\/wp-content\/uploads\/2023\/06\/seguridad-en-el-buceo-150x150.png 150w, https:\/\/www.buceoworld.es\/revistas\/wp-content\/uploads\/2023\/06\/seguridad-en-el-buceo-250x250.png 250w\" sizes=\"(max-width: 512px) 100vw, 512px\" \/><\/figure>\r\n<\/div>\r\n\r\n\r\n<p>El buceo es incre\u00edblemente popular, por lo que si deseas bucear en Asia o bucear en el Mar Rojo, por ejemplo, bucear en Sharm El Sheikh, o en cualquier otro lugar del mundo, podr\u00e1s encontrar buenas escuelas de buceo en esas \u00e1reas.\u00a0Los lugares tur\u00edsticos, como el buceo en Sharm El Sheikh, probablemente tendr\u00e1n una variedad de escuelas de buceo, as\u00ed que vea si puedes investigar un poco sobre ellas antes de tus vacaciones.<\/p>\r\n\r\n\r\n\r\n<h2 class=\"wp-block-heading\" id=\"h-algunos-datos-interesantes-sobre-el-buceo\">Algunos datos interesantes sobre el buceo.<\/h2>\r\n\r\n\r\n\r\n<p>Sab\u00edas que\u2026<\/p>\r\n\r\n\r\n\r\n<p>Para los buceadores recreativos, el l\u00edmite de profundidad es de entre 30 y 40 metros (lo que equivale a 100 a 133 pies).\u00a0Si deseas ir mas profundo, se requiere una capacitaci\u00f3n especial y\/o un compa\u00f1ero especialmente capacitado. Nuno Gomes tiene el r\u00e9cord mundial de buceo m\u00e1s profundo a 318 metros (o 1044 pies).\u00a0Derrot\u00f3 a John Bennet (fallecido), quien se sumergi\u00f3 a 308 metros (o 1016 pies).<\/p>\r\n\r\n\r\n\r\n<p>Hay un buceador franc\u00e9s, Pascal Bernab\u00e9, que sostiene que ha podido bucear m\u00e1s profundo (330 metros o 1083 pies), pero esto no se pudo confirmar.<\/p>\r\n\r\n\r\n\r\n<h2 class=\"wp-block-heading\" id=\"h-algunas-inmersiones-de-buceo-interesantes\">Algunas inmersiones de buceo interesantes<\/h2>\r\n\r\n\r\n\r\n<p>Si le gusta el buceo, hay un par de cosas que puedes hacer para hacerlo a\u00fan m\u00e1s interesante.\u00a0Hay muchos\u00a0arrecifes artificiales\u00a0, por ejemplo.\u00a0Estas ca\u00f1as artificiales se han creado para restaurar el coral destruido o como un experimento cient\u00edfico para ver c\u00f3mo crece el coral y c\u00f3mo atrae a otras formas de vida marina.\u00a0\u00a0Hay muchos naufragios\u00a0, por ejemplo, que se han hundido a prop\u00f3sito para crear arrecifes artificiales.<\/p>\r\n\r\n\r\n\r\n<p>Si tienes nervios de acero, \u00a1quiz\u00e1s quieras considerar la posibilidad de bucear con tiburones!\u00a0Una\u00a0inmersi\u00f3n en jaula con tiburones\u00a0\u00a0puede ser la experiencia de su vida.\u00a0B\u00e1sicamente, est\u00e1s encerrado en una jaula de acero y te bajan a un banco de tiburones, atra\u00eddo por las tripas de los peces que de antemano se hechan al mar para atraerlos.<\/p>\r\n\r\n\r\n\r\n<p>Lo principal en el buceo siempre ser\u00e1: MANTENTE SEGURO y DISFRUTA.<\/p>\r\n\r\n\r\n\r\n<p>&nbsp;<\/p>\r\n","protected":false},"excerpt":{"rendered":"<p>\u00bfQu\u00e9 es el buceo?\u00a0&#8211; Todo lo que necesitas saber y m\u00e1s \u00bfAlguna vez te hiciste la pregunta \u00ab\u00bfQu\u00e9 es el buceo?\u00bb Intentaremos responder esta pregunta en esta publicaci\u00f3n para ti.\u00a0\u00bfSab\u00edas que el buceo es uno de los deportes de m\u00e1s r\u00e1pido crecimiento en el mundo actual?\u00a0Cada a\u00f1o, millones de personas practican el buceo, ya sea\u2026 <span class=\"read-more\"><a href=\"https:\/\/www.buceoworld.es\/revistas\/que-es-el-buceo-todo-lo-que-necesitas-saber-y-mas\/\">Leer m\u00e1s &raquo;<\/a><\/span><\/p>\n","protected":false},"author":1,"featured_media":620,"parent":0,"menu_order":0,"comment_status":"closed","ping_status":"open","template":"","meta":{"iawp_total_views":17,"footnotes":""},"class_list":["post-619","page","type-page","status-publish","has-post-thumbnail","hentry"],"_links":{"self":[{"href":"https:\/\/www.buceoworld.es\/revistas\/wp-json\/wp\/v2\/pages\/619","targetHints":{"allow":["GET"]}}],"collection":[{"href":"https:\/\/www.buceoworld.es\/revistas\/wp-json\/wp\/v2\/pages"}],"about":[{"href":"https:\/\/www.buceoworld.es\/revistas\/wp-json\/wp\/v2\/types\/page"}],"author":[{"embeddable":true,"href":"https:\/\/www.buceoworld.es\/revistas\/wp-json\/wp\/v2\/users\/1"}],"replies":[{"embeddable":true,"href":"https:\/\/www.buceoworld.es\/revistas\/wp-json\/wp\/v2\/comments?post=619"}],"version-history":[{"count":0,"href":"https:\/\/www.buceoworld.es\/revistas\/wp-json\/wp\/v2\/pages\/619\/revisions"}],"wp:featuredmedia":[{"embeddable":true,"href":"https:\/\/www.buceoworld.es\/revistas\/wp-json\/wp\/v2\/media\/620"}],"wp:attachment":[{"href":"https:\/\/www.buceoworld.es\/revistas\/wp-json\/wp\/v2\/media?parent=619"}],"curies":[{"name":"wp","href":"https:\/\/api.w.org\/{rel}","templated":true}]}}