{"id":134,"date":"2010-06-18T20:51:35","date_gmt":"2010-06-18T20:51:35","guid":{"rendered":"https:\/\/www.buceoworld.es\/revistas\/?page_id=2"},"modified":"2024-01-18T12:46:23","modified_gmt":"2024-01-18T10:46:23","slug":"descargar-revista-buceo","status":"publish","type":"page","link":"https:\/\/www.buceoworld.es\/revistas\/descargar-revista-buceo\/","title":{"rendered":"Acerca de la descarga de la revista"},"content":{"rendered":"<p>Si lees esto , es que te preguntas (\u00bfquiz\u00e1s?) c\u00f3mo har\u00e1s para descargar la revista de buceo gratis BuceoWorld..<\/p>\n<p>Pues es muy sencillo : a cada nueva publicaci\u00f3n, te llegar\u00e1 la clave\/password de descarga.<\/p>\n<p>S\u00f3lo tienes que registrarte desde la p\u00e1gina siguiente :<\/p>\n<p>Esperamos que te guste la <a title=\"revista gratis buceo\" href=\"http:\/\/www.buceoworld.es\" target=\"_blank\" rel=\"noopener\">revista gratis de buceo<\/a> BuceoWorld<\/p>\n","protected":false},"excerpt":{"rendered":"<p>Si lees esto , es que te preguntas (\u00bfquiz\u00e1s?) c\u00f3mo har\u00e1s para descargar la revista de buceo gratis BuceoWorld.. Pues es muy sencillo : a cada nueva publicaci\u00f3n, te llegar\u00e1 la clave\/password de descarga. S\u00f3lo tienes que registrarte desde la p\u00e1gina siguiente : Esperamos que te guste la revista gratis de buceo BuceoWorld<\/p>\n","protected":false},"author":1,"featured_media":0,"parent":0,"menu_order":0,"comment_status":"open","ping_status":"open","template":"","meta":{"iawp_total_views":1,"footnotes":""},"class_list":["post-134","page","type-page","status-publish","hentry"],"_links":{"self":[{"href":"https:\/\/www.buceoworld.es\/revistas\/wp-json\/wp\/v2\/pages\/134","targetHints":{"allow":["GET"]}}],"collection":[{"href":"https:\/\/www.buceoworld.es\/revistas\/wp-json\/wp\/v2\/pages"}],"about":[{"href":"https:\/\/www.buceoworld.es\/revistas\/wp-json\/wp\/v2\/types\/page"}],"author":[{"embeddable":true,"href":"https:\/\/www.buceoworld.es\/revistas\/wp-json\/wp\/v2\/users\/1"}],"replies":[{"embeddable":true,"href":"https:\/\/www.buceoworld.es\/revistas\/wp-json\/wp\/v2\/comments?post=134"}],"version-history":[{"count":0,"href":"https:\/\/www.buceoworld.es\/revistas\/wp-json\/wp\/v2\/pages\/134\/revisions"}],"wp:attachment":[{"href":"https:\/\/www.buceoworld.es\/revistas\/wp-json\/wp\/v2\/media?parent=134"}],"curies":[{"name":"wp","href":"https:\/\/api.w.org\/{rel}","templated":true}]}}