{"id":7,"date":"2020-09-15T06:58:17","date_gmt":"2020-09-15T06:58:17","guid":{"rendered":"https:\/\/www.buceoworld.es\/info\/homepage\/"},"modified":"2022-12-14T20:44:18","modified_gmt":"2022-12-14T19:44:18","slug":"inicio","status":"publish","type":"page","link":"https:\/\/www.buceoworld.es\/info\/","title":{"rendered":"Home"},"content":{"rendered":"\n<div id=\"ez-toc-container\" class=\"ez-toc-v2_0_82_2 counter-hierarchy ez-toc-counter ez-toc-grey ez-toc-container-direction\">\n<div class=\"ez-toc-title-container\">\n<p class=\"ez-toc-title\" style=\"cursor:inherit\">En este art\u00edculo hablamos de:<\/p>\n<span class=\"ez-toc-title-toggle\"><a href=\"#\" class=\"ez-toc-pull-right ez-toc-btn ez-toc-btn-xs ez-toc-btn-default ez-toc-toggle\" aria-label=\"Alternar tabla de contenidos\"><span class=\"ez-toc-js-icon-con\"><span class=\"\"><span class=\"eztoc-hide\" style=\"display:none;\">Toggle<\/span><span class=\"ez-toc-icon-toggle-span\"><svg style=\"fill: #999;color:#999\" xmlns=\"http:\/\/www.w3.org\/2000\/svg\" class=\"list-377408\" width=\"20px\" height=\"20px\" viewBox=\"0 0 24 24\" fill=\"none\"><path d=\"M6 6H4v2h2V6zm14 0H8v2h12V6zM4 11h2v2H4v-2zm16 0H8v2h12v-2zM4 16h2v2H4v-2zm16 0H8v2h12v-2z\" fill=\"currentColor\"><\/path><\/svg><svg style=\"fill: #999;color:#999\" class=\"arrow-unsorted-368013\" xmlns=\"http:\/\/www.w3.org\/2000\/svg\" width=\"10px\" height=\"10px\" viewBox=\"0 0 24 24\" version=\"1.2\" baseProfile=\"tiny\"><path d=\"M18.2 9.3l-6.2-6.3-6.2 6.3c-.2.2-.3.4-.3.7s.1.5.3.7c.2.2.4.3.7.3h11c.3 0 .5-.1.7-.3.2-.2.3-.5.3-.7s-.1-.5-.3-.7zM5.8 14.7l6.2 6.3 6.2-6.3c.2-.2.3-.5.3-.7s-.1-.5-.3-.7c-.2-.2-.4-.3-.7-.3h-11c-.3 0-.5.1-.7.3-.2.2-.3.5-.3.7s.1.5.3.7z\"\/><\/svg><\/span><\/span><\/span><\/a><\/span><\/div>\n<nav><ul class='ez-toc-list ez-toc-list-level-1 eztoc-toggle-hide-by-default' ><li class='ez-toc-page-1 ez-toc-heading-level-1'><a class=\"ez-toc-link ez-toc-heading-1\" href=\"https:\/\/www.buceoworld.es\/info\/#%C2%BFQue-es-el-buceo-%E2%80%93-Todo-lo-que-necesitas-saber-y-mas\" >\u00bfQu\u00e9 es el buceo?&nbsp;&#8211; Todo lo que necesitas saber y m\u00e1s<\/a><ul class='ez-toc-list-level-2' ><li class='ez-toc-heading-level-2'><a class=\"ez-toc-link ez-toc-heading-2\" href=\"https:\/\/www.buceoworld.es\/info\/#Que-lograras-con-el-buceo\" >Qu\u00e9 lograras con el buceo<\/a><\/li><li class='ez-toc-page-1 ez-toc-heading-level-2'><a class=\"ez-toc-link ez-toc-heading-3\" href=\"https:\/\/www.buceoworld.es\/info\/#La-atraccion-hacia-la-aventura\" >La atracci\u00f3n hacia la aventura<\/a><\/li><li class='ez-toc-page-1 ez-toc-heading-level-2'><a class=\"ez-toc-link ez-toc-heading-4\" href=\"https:\/\/www.buceoworld.es\/info\/#Puntos-tecnicos-del-buceo\" >Puntos t\u00e9cnicos del buceo<\/a><\/li><li class='ez-toc-page-1 ez-toc-heading-level-2'><a class=\"ez-toc-link ez-toc-heading-5\" href=\"https:\/\/www.buceoworld.es\/info\/#Seguridad-en-el-buceo\" >Seguridad en el buceo<\/a><\/li><li class='ez-toc-page-1 ez-toc-heading-level-2'><a class=\"ez-toc-link ez-toc-heading-6\" href=\"https:\/\/www.buceoworld.es\/info\/#Algunos-datos-interesantes-sobre-el-buceo\" >Algunos datos interesantes sobre el buceo.<\/a><\/li><li class='ez-toc-page-1 ez-toc-heading-level-2'><a class=\"ez-toc-link ez-toc-heading-7\" href=\"https:\/\/www.buceoworld.es\/info\/#Algunas-inmersiones-de-buceo-interesantes\" >Algunas inmersiones de buceo interesantes<\/a><\/li><\/ul><\/li><\/ul><\/nav><\/div>\n<h1 class=\"wp-block-heading\" id=\"h-que-es-el-buceo-todo-lo-que-necesitas-saber-y-mas\"><span class=\"ez-toc-section\" id=\"%C2%BFQue-es-el-buceo-%E2%80%93-Todo-lo-que-necesitas-saber-y-mas\"><\/span>\u00bfQu\u00e9 es el buceo?&nbsp;&#8211; Todo lo que necesitas saber y m\u00e1s<span class=\"ez-toc-section-end\"><\/span><\/h1>\n\n\n\n<p>\u00bfAlguna vez te hiciste la pregunta \u00ab\u00bfQu\u00e9 es el buceo?\u00bb Intentaremos responder esta pregunta en esta publicaci\u00f3n para ti.&nbsp;\u00bfSab\u00edas que el buceo es uno de los deportes de m\u00e1s r\u00e1pido crecimiento en el mundo actual?&nbsp;Cada a\u00f1o, millones de personas practican el buceo, ya sea para un curso, una inmersi\u00f3n de iniciaci\u00f3n o porque ya tienen su licencia de buceo.<\/p>\n\n\n\n<h2 class=\"wp-block-heading\" id=\"h-que-lograras-con-el-buceo\"><span class=\"ez-toc-section\" id=\"Que-lograras-con-el-buceo\"><\/span>Qu\u00e9 lograras con el buceo<span class=\"ez-toc-section-end\"><\/span><\/h2>\n\n\n\n<p>El buceo es una actividad acu\u00e1tica que implica el uso de equipo especializado para que el buceador se sumerja bajo el agua, permitiendo a los buceadores explorar y apreciar el mundo marino. <\/p>\n\n\n\n<p>El equipo esencial para el buceo incluye una m\u00e1scara, un regulador de aire, un traje de neopreno, aletas, un cintur\u00f3n de pesas, un reloj de profundidad, un cilindro de aire y una boya. Con el aire comprimido contenido en el cilindro de aire se utiliza para respirar bajo el agua y permitir\u00e1 adentrarte m\u00e1s all\u00e1 y durante m\u00e1s tiempo en las profundidades. <\/p>\n\n\n\n<p>El buceo puede ser realizado en aguas abiertas, en cuevas submarinas, en arrecifes de coral o en naufragios. <\/p>\n\n\n\n<p>En la mayor\u00eda de los casos, los buceadores deben tener una certificaci\u00f3n de buceo, adem\u00e1s de un entrenamiento adecuado en seguridad y supervivencia.<\/p>\n\n\n\n<h2 class=\"wp-block-heading\" id=\"h-la-atraccion-hacia-la-aventura\"><span class=\"ez-toc-section\" id=\"La-atraccion-hacia-la-aventura\"><\/span>La atracci\u00f3n hacia la aventura<span class=\"ez-toc-section-end\"><\/span><\/h2>\n\n\n\n<p>El buceo se realiza principalmente para la atracci\u00f3n del inalcanzable mundo submarino.&nbsp;Es un \u00e1rea de la naturaleza que la humanidad no ha podido controlar por completo, simplemente no podemos respirar bajo el agua.&nbsp;Por lo tanto, el buceo nos brinda la oportunidad de estar en ese mundo submarino, incluso si es solo por un tiempo limitado.<\/p>\n\n\n<div class=\"wp-block-image\">\n<figure class=\"aligncenter size-full\"><img decoding=\"async\" width=\"512\" height=\"512\" src=\"https:\/\/www.buceoworld.es\/info\/wp-content\/uploads\/2022\/12\/atraccion-a-la-aventura-buceando.png\" alt=\"atraccion a la aventura buceando\" class=\"wp-image-1009\" srcset=\"https:\/\/www.buceoworld.es\/info\/wp-content\/uploads\/2022\/12\/atraccion-a-la-aventura-buceando.png 512w, https:\/\/www.buceoworld.es\/info\/wp-content\/uploads\/2022\/12\/atraccion-a-la-aventura-buceando-300x300.png 300w, https:\/\/www.buceoworld.es\/info\/wp-content\/uploads\/2022\/12\/atraccion-a-la-aventura-buceando-150x150.png 150w\" sizes=\"(max-width: 512px) 100vw, 512px\" \/><\/figure>\n<\/div>\n\n\n<p>Por supuesto, el mundo submarino tambi\u00e9n es hermoso, y muchas personas optan por el buceo en Asia o el buceo en el Mar Rojo o la Gran Barrera de Coral, que se dice que son algunos de los mejores lugares para bucear en el mundo.&nbsp;Los diferentes colores y la vida marina son tan impresionantes en todos estos lugares que la gente viaja una y otra vez a esos destinos por el simple hecho de bucear.<\/p>\n\n\n\n<h2 class=\"wp-block-heading\" id=\"h-puntos-tecnicos-del-buceo\"><span class=\"ez-toc-section\" id=\"Puntos-tecnicos-del-buceo\"><\/span>Puntos t\u00e9cnicos del buceo<span class=\"ez-toc-section-end\"><\/span><\/h2>\n\n\n\n<p>Bucear bajo el agua es algo que ha atra\u00eddo a la humanidad desde que se dieron cuenta de que hab\u00eda un mundo vivo bajo los mares.&nbsp;SCUBA es una abreviatura de Aparato de respiraci\u00f3n subacu\u00e1tico aut\u00f3nomo, en otras palabras, equipo que nos permite respirar bajo el agua.<\/p>\n\n\n\n<p>El aire que est\u00e1 en los tanques es aire comprimido tal como lo conocemos en el exterior, por lo que partes de nitr\u00f3geno, partes de ox\u00edgeno y algunos otros gases tambi\u00e9n.&nbsp;Mucha gente cree err\u00f3neamente que el aire es ox\u00edgeno puro, \u00a1pero eso envenenar\u00eda a los buceadores!&nbsp;<\/p>\n\n\n\n<p>Debido al nitr\u00f3geno en el aire comprimido, los buzos deben tener mucho cuidado al bucear a mayores profundidades, ya que puede ocurrir narcosis por nitr\u00f3geno, que tiene el mismo efecto que el exceso de alcohol.&nbsp;Esto se resuelve f\u00e1cilmente regresando a aguas menos profundas.<\/p>\n\n\n\n<p>Un efecto m\u00e1s grave del nitr\u00f3geno se conoce como Enfermedad de Caisson, tambi\u00e9n conocida como&nbsp;enfermedad por descompresi\u00f3n&nbsp;, que es cuando el nitr\u00f3geno comienza a formar burbujas en el cuerpo del buceador.&nbsp;<\/p>\n\n\n\n<p>Esto se convierte en un problema cuando el buzo regresa a la superficie y a la presi\u00f3n del aire normal y puede provocar la muerte.&nbsp;Esta es la raz\u00f3n por la que una de las cosas m\u00e1s importantes para recordar para los buceadores es nunca ir demasiado profundo y nunca volver a la superficie demasiado r\u00e1pido.<\/p>\n\n\n\n<h2 class=\"wp-block-heading\" id=\"h-seguridad-en-el-buceo\"><span class=\"ez-toc-section\" id=\"Seguridad-en-el-buceo\"><\/span>Seguridad en el buceo<span class=\"ez-toc-section-end\"><\/span><\/h2>\n\n\n\n<p>Lo principal para recordar en el buceo es la seguridad.&nbsp;No bucees por su cuenta y no te sientas tentado a comprar equipo de buceo y simplemente probarlo sin el entrenamiento adecuado.&nbsp;&nbsp;Busca algunas buenas escuelas de buceo&nbsp;si quieres bucear.<\/p>\n\n\n<div class=\"wp-block-image\">\n<figure class=\"aligncenter size-full\"><img decoding=\"async\" width=\"512\" height=\"512\" src=\"https:\/\/www.buceoworld.es\/info\/wp-content\/uploads\/2022\/12\/seguridad-en-el-buceo.png\" alt=\"seguridad-en-el-buceo\" class=\"wp-image-1010\" srcset=\"https:\/\/www.buceoworld.es\/info\/wp-content\/uploads\/2022\/12\/seguridad-en-el-buceo.png 512w, https:\/\/www.buceoworld.es\/info\/wp-content\/uploads\/2022\/12\/seguridad-en-el-buceo-300x300.png 300w, https:\/\/www.buceoworld.es\/info\/wp-content\/uploads\/2022\/12\/seguridad-en-el-buceo-150x150.png 150w\" sizes=\"(max-width: 512px) 100vw, 512px\" \/><\/figure>\n<\/div>\n\n\n<p>El buceo es incre\u00edblemente popular, por lo que si deseas bucear en Asia o bucear en el Mar Rojo, por ejemplo, bucear en Sharm El Sheikh, o en cualquier otro lugar del mundo, podr\u00e1s encontrar buenas escuelas de buceo en esas \u00e1reas.&nbsp;Los lugares tur\u00edsticos, como el buceo en Sharm El Sheikh, probablemente tendr\u00e1n una variedad de escuelas de buceo, as\u00ed que vea si puedes investigar un poco sobre ellas antes de tus vacaciones.<\/p>\n\n\n\n<h2 class=\"wp-block-heading\" id=\"h-algunos-datos-interesantes-sobre-el-buceo\"><span class=\"ez-toc-section\" id=\"Algunos-datos-interesantes-sobre-el-buceo\"><\/span>Algunos datos interesantes sobre el buceo.<span class=\"ez-toc-section-end\"><\/span><\/h2>\n\n\n\n<p>Sab\u00edas que\u2026<\/p>\n\n\n\n<p>Para los buceadores recreativos, el l\u00edmite de profundidad es de entre 30 y 40 metros (lo que equivale a 100 a 133 pies).&nbsp;Si deseas ir mas profundo, se requiere una capacitaci\u00f3n especial y\/o un compa\u00f1ero especialmente capacitado.<br>Nuno Gomes tiene el r\u00e9cord mundial de buceo m\u00e1s profundo a 318 metros (o 1044 pies).&nbsp;Derrot\u00f3 a John Bennet (fallecido), quien se sumergi\u00f3 a 308 metros (o 1016 pies).&nbsp;<\/p>\n\n\n\n<p>Hay un buceador franc\u00e9s, Pascal Bernab\u00e9, que sostiene que ha podido bucear m\u00e1s profundo (330 metros o 1083 pies), pero esto no se pudo confirmar.<\/p>\n\n\n\n<h2 class=\"wp-block-heading\" id=\"h-algunas-inmersiones-de-buceo-interesantes\"><span class=\"ez-toc-section\" id=\"Algunas-inmersiones-de-buceo-interesantes\"><\/span>Algunas inmersiones de buceo interesantes<span class=\"ez-toc-section-end\"><\/span><\/h2>\n\n\n\n<p>Si le gusta el buceo, hay un par de cosas que puedes hacer para hacerlo a\u00fan m\u00e1s interesante.&nbsp;Hay muchos&nbsp;arrecifes artificiales&nbsp;, por ejemplo.&nbsp;Estas ca\u00f1as artificiales se han creado para restaurar el coral destruido o como un experimento cient\u00edfico para ver c\u00f3mo crece el coral y c\u00f3mo atrae a otras formas de vida marina.&nbsp;&nbsp;Hay muchos naufragios&nbsp;, por ejemplo, que se han hundido a prop\u00f3sito para crear arrecifes artificiales.<\/p>\n\n\n\n<p>Si tienes nervios de acero, \u00a1quiz\u00e1s quieras considerar la posibilidad de bucear con tiburones!&nbsp;Una&nbsp;inmersi\u00f3n en jaula con tiburones&nbsp;&nbsp;puede ser la experiencia de su vida.&nbsp;B\u00e1sicamente, est\u00e1s encerrado en una jaula de acero y te bajan a un banco de tiburones, atra\u00eddo por las tripas de los peces que de antemano se hechan al mar para atraerlos.<\/p>\n\n\n\n<p>Lo principal en el buceo siempre ser\u00e1: MANTENTE SEGURO y DISFRUTA.<\/p>\n\n\n\n<p>&nbsp;<\/p>\n","protected":false},"excerpt":{"rendered":"<p>\u00bfQu\u00e9 es el buceo?&nbsp;&#8211; Todo lo que necesitas saber y m\u00e1s \u00bfAlguna vez te hiciste la pregunta \u00ab\u00bfQu\u00e9 es el buceo?\u00bb Intentaremos responder esta pregunta en esta publicaci\u00f3n para ti.&nbsp;\u00bfSab\u00edas que el buceo es uno de los deportes de m\u00e1s r\u00e1pido crecimiento en el mundo actual?&nbsp;Cada a\u00f1o, millones de personas practican el buceo, ya sea&#8230;<\/p>\n","protected":false},"author":10,"featured_media":363,"parent":0,"menu_order":0,"comment_status":"closed","ping_status":"closed","template":"","meta":{"_kadence_starter_templates_imported_post":false,"_kad_post_transparent":"default","_kad_post_title":"default","_kad_post_layout":"default","_kad_post_sidebar_id":"","_kad_post_content_style":"default","_kad_post_vertical_padding":"default","_kad_post_feature":"","_kad_post_feature_position":"","_kad_post_header":false,"_kad_post_footer":false,"_kad_post_classname":"","iawp_total_views":10,"footnotes":""},"class_list":["post-7","page","type-page","status-publish","has-post-thumbnail","hentry"],"_links":{"self":[{"href":"https:\/\/www.buceoworld.es\/info\/wp-json\/wp\/v2\/pages\/7","targetHints":{"allow":["GET"]}}],"collection":[{"href":"https:\/\/www.buceoworld.es\/info\/wp-json\/wp\/v2\/pages"}],"about":[{"href":"https:\/\/www.buceoworld.es\/info\/wp-json\/wp\/v2\/types\/page"}],"author":[{"embeddable":true,"href":"https:\/\/www.buceoworld.es\/info\/wp-json\/wp\/v2\/users\/10"}],"replies":[{"embeddable":true,"href":"https:\/\/www.buceoworld.es\/info\/wp-json\/wp\/v2\/comments?post=7"}],"version-history":[{"count":0,"href":"https:\/\/www.buceoworld.es\/info\/wp-json\/wp\/v2\/pages\/7\/revisions"}],"wp:featuredmedia":[{"embeddable":true,"href":"https:\/\/www.buceoworld.es\/info\/wp-json\/wp\/v2\/media\/363"}],"wp:attachment":[{"href":"https:\/\/www.buceoworld.es\/info\/wp-json\/wp\/v2\/media?parent=7"}],"curies":[{"name":"wp","href":"https:\/\/api.w.org\/{rel}","templated":true}]}}